{"id":98,"date":"2016-08-08T14:07:07","date_gmt":"2016-08-08T13:07:07","guid":{"rendered":"http:\/\/gitedelalandesaintjean.fr\/?page_id=98"},"modified":"2018-04-10T17:49:01","modified_gmt":"2018-04-10T16:49:01","slug":"activites","status":"publish","type":"page","link":"https:\/\/gitedelalandesaintjean.fr\/index.php\/activites\/","title":{"rendered":"Activit\u00e9s"},"content":{"rendered":"<p>&nbsp;<\/p>\n<p><img loading=\"lazy\" class=\"wp-image-228 alignright\" src=\"http:\/\/gitedelalandesaintjean.fr\/wp-content\/uploads\/2016\/08\/site-jardin-bourse-214.jpg\" alt=\"site-jardin-bourse-214\" width=\"177\" height=\"126\" \/><img loading=\"lazy\" class=\"wp-image-232 alignright\" src=\"http:\/\/gitedelalandesaintjean.fr\/wp-content\/uploads\/2016\/08\/site-pont-baba-pm.jpg\" alt=\"site-pont-baba-pm\" width=\"179\" height=\"127\" \/><\/p>\n<p style=\"text-align: center;\"><span style=\"color: #333399;\"><strong>A DECOUVRIR<\/strong><\/span><\/p>\n<p style=\"text-align: center;\"><strong><span style=\"color: #993366;\">Bordeaux<\/span><\/strong>:<span style=\"color: #008000;\"> Class\u00e9 au Patrimoine Mondial de l&rsquo;Unesco\u00a0La Cit\u00e9 <img loading=\"lazy\" class=\"wp-image-230 alignleft\" src=\"http:\/\/gitedelalandesaintjean.fr\/wp-content\/uploads\/2016\/08\/site-cite-du-vin-pm.jpg\" alt=\"site-cite-du-vin-pm\" width=\"186\" height=\"138\" \/>Mondiale du vin et des civilisations, la place de la Bourse, les fa\u00e7ades 18i\u00e8me,\u00a0le Miroir d&rsquo;eau, les quais, le Grand Th\u00e9\u00e2tre, les vieux \u00a0quartiers, les balades en bateau sur la Garonne, la place des Quinconces ( la plus grande place d&rsquo;Europe), les mus\u00e9es, les cours de d\u00e9gustation de vin, de\u00a0 danse sur les quais l&rsquo;\u00e9t\u00e9&#8230;<\/span><\/p>\n<p style=\"text-align: center;\"><span style=\"color: #993366;\"><strong><img loading=\"lazy\" class=\"wp-image-203 alignleft\" src=\"http:\/\/gitedelalandesaintjean.fr\/wp-content\/uploads\/2016\/08\/site-phare-cordouan298-1.jpg\" alt=\"site-phare-cordouan298\" width=\"201\" height=\"160\" \/>Le M\u00e9doc<\/strong><\/span>: <span style=\"color: #008000;\">Au nord\u00a0du d\u00e9partement,\u00a0<strong>l&rsquo;estuaire de la Gironde,<\/strong> le plus vaste d&rsquo;Europe form\u00e9 par la\u00a0confluence Dordogne , Garonne.<\/span><\/p>\n<p style=\"text-align: center;\"><span style=\"color: #008000;\">\u00a0<strong>le Phare de Cordouan,<\/strong><\/span><\/p>\n<p style=\"text-align: center;\"><span style=\"color: #008000;\">\u00a0La <strong>route des vins et ses ch\u00e2teaux<\/strong>, les <strong>plages oc\u00e9anes<\/strong> de sable fin, <strong>les lacs<\/strong>, les <strong>espaces naturels pr\u00e9serv\u00e9s<\/strong>. La vielle ville de <strong>Soulac<\/strong> et ses villas, le <strong>moulin de Vensac<\/strong> o\u00f9 vous pourrez faire provision de farine. <\/span><\/p>\n<p style=\"text-align: center;\"><span style=\"color: #008000;\">Vous d\u00e9gusterez\u00a0 les <strong>Gambas, les noisetines, les artichauts de Macau, l&rsquo;agneau de Pauillac\u00a0<\/strong>le tout accompagn\u00e9 des <strong>vins du\u00a0 terroir<\/strong>.<\/span><\/p>\n<p style=\"text-align: center;\"><span style=\"color: #008000;\"> Les plus sportifs pourront courir le <strong>marathon<\/strong> du m\u00e9doc\u00a0 et faire la <strong>m\u00e9docaine<\/strong> \u00e0 v\u00e9lo.<img loading=\"lazy\" class=\" wp-image-216 aligncenter\" src=\"http:\/\/gitedelalandesaintjean.fr\/wp-content\/uploads\/2016\/08\/site-vendanges.jpg\" alt=\"site-vendanges\" width=\"187\" height=\"142\" \/><\/span><\/p>\n<p style=\"text-align: center;\"><span style=\"color: #993366;\"><strong><img loading=\"lazy\" class=\" wp-image-201 alignright\" src=\"http:\/\/gitedelalandesaintjean.fr\/wp-content\/uploads\/2016\/08\/site-chateau-de-vayres-250.jpg\" alt=\"site-chateau-de-vayres-250\" width=\"181\" height=\"136\" \/><img loading=\"lazy\" class=\"alignnone size-full wp-image-236\" src=\"http:\/\/gitedelalandesaintjean.fr\/wp-content\/uploads\/2016\/08\/site-grande-muraille-st-emilion.jpg\" alt=\"site-grande-muraille-st-emilion\" width=\"200\" height=\"150\" \/>\u00a0\u00a0<\/strong><\/span><\/p>\n<p style=\"text-align: center;\"><span style=\"color: #993366;\"><strong> Le Pays du Libournais<\/strong><\/span><span style=\"color: #008000;\"> aux noms \u00e9vocateurs: <strong>Saint- Emilion<\/strong> class\u00e9 au patrimoine mondial de l&rsquo;Unesco dont la visite\u00a0 s&rsquo;impose en d\u00e9gustant les fameux <strong>macarons.<\/strong><\/span><\/p>\n<p style=\"text-align: center;\"><span style=\"color: #008000;\"><strong> Fronsac, Pomerol, Montagne, Puisseguin,<\/strong> Lussac o\u00f9 vous exercerez vos papilles \u00e0 la d\u00e9gustation des diff\u00e9rents\u00a0\u00a0crus. <\/span><\/p>\n<p style=\"text-align: center;\"><span style=\"color: #008000;\">Vous visiterez <strong>Libourne,<\/strong>\u00a0 ses march\u00e9s du mardi et vendredi et dimanche.<\/span><\/p>\n<p style=\"text-align: center;\"><span style=\"color: #008000;\">\u00a0Le <strong>ch\u00e2teau de Vayres <\/strong>ancienne propri\u00e9t\u00e9 d&rsquo;Henri IV et ses jardins \u00e0 la fran\u00e7aise plongeant dans la Dordogne, vous d\u00e9couvrirez aussi les<strong> vins des Graves de Vayres<\/strong>, petite appellation sur la commune du m\u00eame nom.<\/span><\/p>\n<p style=\"text-align: center;\"><span style=\"color: #008000;\">\u00a0Vous irez surfer <strong>le mascaret \u00e0 Saint Pardon,<\/strong> prendre le <strong>petit train de Gu\u00eetres<\/strong> et manger <img loading=\"lazy\" class=\" wp-image-237 alignright\" src=\"http:\/\/gitedelalandesaintjean.fr\/wp-content\/uploads\/2016\/08\/site-lavoir-tour-st-emilion200.jpg\" alt=\"site-lavoir-tour-st-emilion200\" width=\"181\" height=\"136\" \/>une cr\u00eape au Moulin de Charlot, toujours \u00e0 Gu\u00eetres, \u00e9couter de la musique sacr\u00e9e dans <strong>son abbatiale<\/strong> en \u00e9t\u00e9, assister \u00e0<strong> Castillon<\/strong> \u00e0 la<strong> derni\u00e8re <span style=\"color: #008000;\">bataille de la guerre de 100 ans.<\/span><\/strong><\/span><\/p>\n<p style=\"text-align: center;\"><span style=\"color: #008000;\"><span style=\"color: #993366;\"><strong>L&rsquo;Entre Deux-Mers:<\/strong><\/span> Cette<strong>\u00a0<\/strong>r\u00e9gion situ\u00e9e entre Dordogne et Garonne est un vaste plateau jalonn\u00e9 de vallons, vous visiterez les <strong>bastides\u00a0de Cr\u00e9on, Rions, Blasimon, Cadillac<\/strong> o\u00f9 vous visiterez le <strong>ch\u00e2teau <img loading=\"lazy\" class=\"wp-image-234 alignleft\" src=\"http:\/\/gitedelalandesaintjean.fr\/wp-content\/uploads\/2016\/08\/site-abbaye-de-la-sauve-250-1-221x300.jpg\" alt=\"site-abbaye-de-la-sauve-250\" width=\"171\" height=\"232\" srcset=\"https:\/\/gitedelalandesaintjean.fr\/wp-content\/uploads\/2016\/08\/site-abbaye-de-la-sauve-250-1-221x300.jpg 221w, https:\/\/gitedelalandesaintjean.fr\/wp-content\/uploads\/2016\/08\/site-abbaye-de-la-sauve-250-1.jpg 245w\" sizes=\"(max-width: 171px) 100vw, 171px\" \/>des Ducs d&rsquo;Epernon, Mons\u00e9gur, Pellegrue, Sauveterre de Guyenne, Saint-Macaire,<\/strong>\u00a0et les<strong> moulins<\/strong> <strong>fortifi\u00e9s<\/strong>, <strong>des villages m\u00e9di\u00e9vaux: La R\u00e9ole, Rions, Saint-Macaire, \u00a0l&rsquo;Abbaye de La Sauve Majeure, le<\/strong> Domaine de <strong>Malaga<\/strong>r, propri\u00e9t\u00e9 de Fran\u00e7ois <strong>Mauriac,<\/strong> le ch\u00e2teau de<strong> Malromet<\/strong> o\u00f9 v\u00e9cu <strong>Henri de<\/strong> <strong>Toulouse Lautrec.<\/strong> C&rsquo;est dans l&rsquo;Entre Deux Mers que se trouve <strong>la plus petite commune de France:<\/strong> <strong>Castelmoron d&rsquo;Albret<\/strong> (3,5ha) et bien s\u00fbr la route des <strong>vins blancs sec<\/strong> d&rsquo;appellation <strong>entre<\/strong> <strong>deux mers<\/strong> aux <strong>vins blancs moelleux\u00a0<\/strong>des bords de Garonne sur les communes de Cadillac, Loupiac, Sainte-Croix-du-Mont, Saint-Macaire.<\/span><\/p>\n<p style=\"text-align: center;\"><span style=\"color: #008000;\"><strong><span style=\"color: #993366;\">La Haute Gironde:<\/span> <\/strong>longeant l&rsquo;estuaire que surplombent les <strong>vignobles d&rsquo;appellation Blaye c\u00f4tes de<\/strong> <img loading=\"lazy\" class=\" wp-image-217 alignright\" src=\"http:\/\/gitedelalandesaintjean.fr\/wp-content\/uploads\/2016\/08\/site-1carrelet-dordogne.jpg\" alt=\"site-1carrelet-dordogne\" width=\"222\" height=\"167\" \/><strong>Bordeaux et c\u00f4tes de Bourg,<\/strong> vous visiterez <strong>Blaye et sa Citadelle<\/strong> class\u00e9e au <strong>Patrimoine Mondial de<\/strong> <strong>L&rsquo;Unesco formant avec Fort M\u00e9doc et Fort Pat\u00e9 le Verrou Vauban<\/strong>, les vieux quartiers de<strong> Bourg<\/strong>, en empruntant la <strong>route de la Corniche<\/strong> entre Bourg et Blaye, vous d\u00e9couvrirez des <strong>habitats troglodytes<\/strong><\/span>. <span style=\"color: #008000;\">A\u00a0 la sortie de <strong>Saint-Andr\u00e9 de Cubzac<\/strong> d&rsquo;o\u00f9 \u00e9tait originaire le commandant <strong>Cousteau<\/strong>, vous visiterez le <strong>ch\u00e2teau <img loading=\"lazy\" class=\" wp-image-218 alignleft\" src=\"http:\/\/gitedelalandesaintjean.fr\/wp-content\/uploads\/2016\/08\/site-bateau-papillon-300-300x218.jpg\" alt=\"site-bateau-papillon-300\" width=\"225\" height=\"164\" \/>du Bouilh<\/strong>, plus loin \u00e0 <strong>Prignac-Marcamps, La Grotte de Pair-Non-Pair<\/strong> datant du pal\u00e9olithique. C&rsquo;est aussi le domaine des p\u00eacheurs de <strong>crevettes grises<\/strong>\u00a0, de <strong>lamproies qui seront cuisin\u00e9es en sauce au vin rouge ou blancs moelleux, les aloses grill\u00e9es sur les sarments\u00a0.<\/strong><\/span><span style=\"color: #008000;\"><strong>\u00a0\u00a0\u00a0\u00a0\u00a0\u00a0\u00a0\u00a0\u00a0\u00a0\u00a0\u00a0\u00a0\u00a0\u00a0\u00a0\u00a0\u00a0\u00a0\u00a0\u00a0\u00a0\u00a0\u00a0\u00a0\u00a0\u00a0\u00a0\u00a0\u00a0\u00a0\u00a0\u00a0\u00a0\u00a0\u00a0\u00a0\u00a0\u00a0\u00a0\u00a0\u00a0\u00a0\u00a0\u00a0\u00a0\u00a0\u00a0\u00a0\u00a0\u00a0\u00a0\u00a0\u00a0\u00a0\u00a0\u00a0\u00a0\u00a0\u00a0\u00a0\u00a0\u00a0\u00a0\u00a0\u00a0\u00a0\u00a0\u00a0\u00a0\u00a0\u00a0\u00a0\u00a0\u00a0\u00a0\u00a0\u00a0\u00a0<\/strong><\/span><\/p>\n<p style=\"text-align: center;\"><span style=\"color: #008000;\"><strong><span style=\"color: #993366;\"><img loading=\"lazy\" class=\" wp-image-206 alignright\" src=\"http:\/\/gitedelalandesaintjean.fr\/wp-content\/uploads\/2016\/08\/site-dune-du-pilat-B-300x214.jpg\" alt=\"site-dune-du-pilat-b\" width=\"196\" height=\"140\" srcset=\"https:\/\/gitedelalandesaintjean.fr\/wp-content\/uploads\/2016\/08\/site-dune-du-pilat-B-300x214.jpg 300w, https:\/\/gitedelalandesaintjean.fr\/wp-content\/uploads\/2016\/08\/site-dune-du-pilat-B.jpg 350w\" sizes=\"(max-width: 196px) 100vw, 196px\" \/>\u00a0\u00a0Le \u00a0Bassin d&rsquo;Arcachon:<\/span><\/strong><\/span><span style=\"color: #008000;\"><strong>\u00a0<\/strong><span style=\"color: #008000;\">petite mer int\u00e9rieure reli\u00e9e \u00e0 l&rsquo;oc\u00e9an par les passes\u00a0 subit l&rsquo;influence des mar\u00e9es. Vous grimperez \u00e0 la <strong>dune du Pyla la plus haute d&rsquo;Europe<\/strong>\u00a0et profiterez d&rsquo;une vue magnifique sur le bassin et le <strong>banc d&rsquo;Arguin<\/strong> r\u00e9serve naturelle, vous pourrez y faire du parapente, vous visiterez le <strong>parc ornithologique du Teich<\/strong>, la<strong> maison de l&rsquo;huitre<\/strong> , le<strong> parc de la<\/strong> <strong>coccinelle, Aqualand <\/strong>\u00e0 <strong>Gujan Mestras<\/strong>\u00a0,De l&rsquo;autre c\u00f4t\u00e9, vous monterez les 258 marches du\u00a0<strong> <img loading=\"lazy\" class=\"wp-image-207 alignleft\" src=\"http:\/\/gitedelalandesaintjean.fr\/wp-content\/uploads\/2016\/08\/site-cabanes-port-biganos-250.jpg\" alt=\"site-cabanes-port-biganos-250\" width=\"218\" height=\"131\" \/>phare du Cap Ferret et d\u00e9couvrirez un panoroma sur\u00a0l&rsquo;ensemble du bassin<\/strong>\u00a0vous d\u00e9ambulerez dans <strong>les villages<\/strong> <strong>ostr\u00e9icoles<\/strong>: <strong>l&rsquo;Herbe, Piraillan, le Canon, la Cap Ferret<\/strong>\u00a0\u00a0et d\u00e9gusterez des <strong>hu\u00eetres. <\/strong>De nombreuses <strong>activit\u00e9s nautiques<\/strong>\u00a0vous permettrons de d\u00e9couvrir cet espace pr\u00e9serv\u00e9. La voile, le kayak, les balades en pinasses bateau traditionnel pour voir <strong>l&rsquo;\u00eele aux oiseaux, les Cabanes Tchanqu\u00e9es<\/strong> (sur pilotis),\u00a0\u00e0 <img loading=\"lazy\" class=\" wp-image-208 alignright\" src=\"http:\/\/gitedelalandesaintjean.fr\/wp-content\/uploads\/2016\/08\/course-pinassotte-270.jpg\" alt=\"course-pinassotte-270\" width=\"216\" height=\"149\" \/>v\u00e9lo ou \u00e0 pieds, \u00a0vous pourrez faire le tour du Bassin gr\u00e2ce au chemin du littoral et,\u00a0en pinasse ou cano\u00e9\u00a0 <strong>descendre la Leyre<\/strong>\u00a0aussi appel\u00e9e \u00a0\u00bb\u00a0petite\u00a0amazone\u00a0\u00bb,\u00a0qui serpente\u00a0dans les landes girondines avant de se jeter dans le bassin d&rsquo;Arcachon.<\/span><\/span><span style=\"color: #008000;\"><span style=\"color: #008000;\">\u00a0\u00a0\u00a0<\/span><\/span><span style=\"color: #008000;\"><span style=\"color: #008000;\">\u00a0\u00a0\u00a0\u00a0\u00a0\u00a0\u00a0\u00a0\u00a0\u00a0\u00a0\u00a0\u00a0\u00a0\u00a0\u00a0\u00a0\u00a0\u00a0\u00a0\u00a0\u00a0\u00a0\u00a0\u00a0\u00a0\u00a0\u00a0<\/span><\/span><\/p>\n<p style=\"text-align: center;\"><span style=\"color: #008000;\"><span style=\"color: #008000;\"><img loading=\"lazy\" class=\" wp-image-210 alignleft\" src=\"http:\/\/gitedelalandesaintjean.fr\/wp-content\/uploads\/2016\/08\/site-maison-pan-de-bois-220.jpg\" alt=\"site-maison-pan-de-bois-220\" width=\"185\" height=\"166\" \/>\u00a0<span style=\"color: #993366;\"><strong>Le Sud Gironde:<\/strong>\u00a0<\/span> Aux <strong>vignes<\/strong> des l&rsquo;appellations <strong>Barsac, Graves, Pessac L\u00e9ognan, Sauternes<\/strong>,o\u00f9 vous pourrez apercevoir le <strong>ch\u00e2teau Yquem<\/strong>,\u00a0succ\u00e8de la for\u00eat de Landes de Gascogne domaine du pin. A La Br\u00e8de, Vous pourrez visiter\u00a0le ch\u00e2teau\u00a0o\u00f9 naquit\u00a0<strong>M<\/strong><\/span><\/span><span style=\"color: #008000;\"><strong>ontesquieu<\/strong>, les ch\u00e2teau m\u00e9di\u00e9vaux de<strong> Cazeneuve<\/strong> r\u00e9sidence de <strong>la reine Margot et roi Henri IV<\/strong> et celui de<strong> Roquetaillade<\/strong> restaur\u00e9 par <strong>Viollet- le- Duc<\/strong>, \u00a0la coll\u00e9giale d<strong>&lsquo;Uzeste<\/strong> o\u00f9 repose la d\u00e9pouille de Bertrand de Got futur <strong>pape Cl\u00e9ment V<\/strong>. A Bazas, cit\u00e9 m\u00e9di\u00e9vale, prenez le temps d&rsquo;admirer la place \u00e0 arcades, les beaux h\u00f4tels particuliers et la <strong>cath\u00e9drale Saint-Jean Baptiste<\/strong> class\u00e9e au <strong>patrimoine<\/strong> <strong>mondial de l&rsquo;UNESCO<\/strong>. Vous pourrez assister \u00e0 la <strong>f\u00eate du b\u0153uf gras<\/strong> en f\u00e9vrier,\u00a0le d\u00e9guster \u00e0 la table \u00a0des <strong>fermes auberges<\/strong>, restaurants ou\u00a0 producteurs ainsi que <strong>les confits\u00a0et le foie gras\u00a0de canards.<\/strong><\/span><\/p>\n<p>&nbsp;<\/p>\n<p>&nbsp;<\/p>\n<p style=\"text-align: center;\"><span style=\"color: #000080;\"><strong> <img loading=\"lazy\" class=\" wp-image-242 alignleft\" src=\"http:\/\/gitedelalandesaintjean.fr\/wp-content\/uploads\/2016\/08\/site-2-verres-250.jpg\" alt=\"site-2-verres-250\" width=\"198\" height=\"149\" \/>A FAIRE<\/strong><\/span><\/p>\n<p><span style=\"color: #008000;\">Golf de Cameyrac: 8kms, Golf de Teynac: 10 kms<img loading=\"lazy\" class=\" wp-image-212 alignright\" src=\"http:\/\/gitedelalandesaintjean.fr\/wp-content\/uploads\/2016\/08\/site-surfer-300.jpg\" alt=\"site-surfer-300\" width=\"195\" height=\"138\" \/><\/span><\/p>\n<p><span style=\"color: #008000;\">Piscines de Bassens: 6 kms, Amb\u00e9s 15 kms<\/span><\/p>\n<p><span style=\"color: #008000;\">Club hippique St Sulpice et Cameyrac: 10kms<\/span><\/p>\n<p><span style=\"color: #008000;\">Parc d&rsquo;Aventures: Parc Arbor et Sens \u00e0 St Gen\u00e8s de Lombaud 25 kms<\/span><\/p>\n<p><span style=\"color: #008000;\">Accrobranche: Tepacap M\u00e9rignac 30kms<\/span><\/p>\n<p><span style=\"color: #008000;\">Baignade : lacs de Bordeaux: 17 kms, les Dagueys \u00e0 Libourne 30 kms, lac de Bl\u00e8ge \u00e0 B\u00e8gles 21kms, lac de Blasimon: 52kms,\u00a0lacs du M\u00e9doc: Carcan Hourtin , Maubuisson\u00a085kms<\/span><\/p>\n<p><span style=\"color: #008000;\">Plages oc\u00e9anes: Lacanau , Le Cap Ferret: 72kms, Arcachon: 85kms, Soulac:100kms,<img loading=\"lazy\" class=\"size-full wp-image-213 alignleft\" src=\"http:\/\/gitedelalandesaintjean.fr\/wp-content\/uploads\/2016\/08\/site-coucher-soleil-ocean-218.jpg\" alt=\"site-coucher-soleil-ocean-218\" width=\"216\" height=\"178\" \/><\/span><\/p>\n<p><span style=\"color: #008000;\">Plages du Bassin d&rsquo;Arcachon: 75kms<\/span><\/p>\n<p><span style=\"color: #008000;\">Actvit\u00e9es nautiques: Bassin d&rsquo;Arcachon, lacs du M\u00e9doc, de Blasimon,\u00a0 de Bordeaux.<\/span><\/p>\n<p><span style=\"color: #008000;\">Location de v\u00e9los et ballade : Cr\u00e9on: 20 kms piste Roger Lap\u00e9bie. Piste Bordeaux \/Lacanau, piste cyclables autour du bassin d&rsquo;Arcachon.<\/span><\/p>\n<p><span style=\"color: #008000;\">Chemins de randonn\u00e9e \u00e0 proximit\u00e9.<\/span><\/p>\n<p><img loading=\"lazy\" class=\"alignnone wp-image-240\" src=\"http:\/\/gitedelalandesaintjean.fr\/wp-content\/uploads\/2016\/08\/sitecigogne-177.jpg\" alt=\"sitecigogne-177\" width=\"229\" height=\"197\" \/> <img loading=\"lazy\" class=\"alignnone wp-image-244\" src=\"http:\/\/gitedelalandesaintjean.fr\/wp-content\/uploads\/2016\/08\/site-quai-bx250.jpg\" alt=\"site-quai-bx250\" width=\"278\" height=\"197\" \/><img loading=\"lazy\" class=\"alignnone wp-image-247\" src=\"http:\/\/gitedelalandesaintjean.fr\/wp-content\/uploads\/2016\/08\/site-dune-pilat-ds-verre-2.jpg\" alt=\"site-dune-pilat-ds-verre-2\" width=\"264\" height=\"199\" \/><\/p>\n<p><img loading=\"lazy\" class=\" wp-image-211 alignright\" src=\"http:\/\/gitedelalandesaintjean.fr\/wp-content\/uploads\/2016\/08\/site-mascaret-390-300x238.jpg\" alt=\"site-mascaret-390\" width=\"236\" height=\"188\" srcset=\"https:\/\/gitedelalandesaintjean.fr\/wp-content\/uploads\/2016\/08\/site-mascaret-390-300x238.jpg 300w, https:\/\/gitedelalandesaintjean.fr\/wp-content\/uploads\/2016\/08\/site-mascaret-390.jpg 397w\" sizes=\"(max-width: 236px) 100vw, 236px\" \/><\/p>\n<p><img loading=\"lazy\" class=\"wp-image-214 alignleft\" src=\"http:\/\/gitedelalandesaintjean.fr\/wp-content\/uploads\/2016\/08\/site-la-sieste-333-300x225.jpg\" alt=\"site-la-sieste-333\" width=\"248\" height=\"186\" srcset=\"https:\/\/gitedelalandesaintjean.fr\/wp-content\/uploads\/2016\/08\/site-la-sieste-333-300x225.jpg 300w, https:\/\/gitedelalandesaintjean.fr\/wp-content\/uploads\/2016\/08\/site-la-sieste-333.jpg 333w\" sizes=\"(max-width: 248px) 100vw, 248px\" \/><img loading=\"lazy\" class=\"alignnone size-full wp-image-238\" src=\"http:\/\/gitedelalandesaintjean.fr\/wp-content\/uploads\/2016\/08\/site-march\u00e9-creon-2-212.jpg\" alt=\"site-marche-creon-2-212\" width=\"232\" height=\"188\" \/><\/p>\n<p>&nbsp;<\/p>\n","protected":false},"excerpt":{"rendered":"<p>&nbsp; A DECOUVRIR Bordeaux: Class\u00e9 au Patrimoine Mondial de l&rsquo;Unesco\u00a0La Cit\u00e9 Mondiale du vin et des civilisations, la place de la Bourse, les fa\u00e7ades 18i\u00e8me,\u00a0le Miroir d&rsquo;eau, les quais, le Grand Th\u00e9\u00e2tre, les vieux \u00a0quartiers, les balades en bateau sur la Garonne, la place des Quinconces ( la plus grande place d&rsquo;Europe), les mus\u00e9es, les <a class=\"more-link\" href=\"https:\/\/gitedelalandesaintjean.fr\/index.php\/activites\/\">Lire plus &#8230;<\/a><\/p>\n","protected":false},"author":1,"featured_media":0,"parent":0,"menu_order":0,"comment_status":"closed","ping_status":"closed","template":"","meta":[],"_links":{"self":[{"href":"https:\/\/gitedelalandesaintjean.fr\/index.php\/wp-json\/wp\/v2\/pages\/98"}],"collection":[{"href":"https:\/\/gitedelalandesaintjean.fr\/index.php\/wp-json\/wp\/v2\/pages"}],"about":[{"href":"https:\/\/gitedelalandesaintjean.fr\/index.php\/wp-json\/wp\/v2\/types\/page"}],"author":[{"embeddable":true,"href":"https:\/\/gitedelalandesaintjean.fr\/index.php\/wp-json\/wp\/v2\/users\/1"}],"replies":[{"embeddable":true,"href":"https:\/\/gitedelalandesaintjean.fr\/index.php\/wp-json\/wp\/v2\/comments?post=98"}],"version-history":[{"count":16,"href":"https:\/\/gitedelalandesaintjean.fr\/index.php\/wp-json\/wp\/v2\/pages\/98\/revisions"}],"predecessor-version":[{"id":276,"href":"https:\/\/gitedelalandesaintjean.fr\/index.php\/wp-json\/wp\/v2\/pages\/98\/revisions\/276"}],"wp:attachment":[{"href":"https:\/\/gitedelalandesaintjean.fr\/index.php\/wp-json\/wp\/v2\/media?parent=98"}],"curies":[{"name":"wp","href":"https:\/\/api.w.org\/{rel}","templated":true}]}}