{"id":295,"date":"2019-02-14T21:37:09","date_gmt":"2019-02-14T20:37:09","guid":{"rendered":"http:\/\/gitedelalandesaintjean.fr\/?page_id=295"},"modified":"2019-02-14T21:37:09","modified_gmt":"2019-02-14T20:37:09","slug":"mentions-legales","status":"publish","type":"page","link":"https:\/\/gitedelalandesaintjean.fr\/index.php\/mentions-legales\/","title":{"rendered":"Mentions l\u00e9gales"},"content":{"rendered":"<p>Vous \u00eates connect\u00e9s sur le site internet de Marie-Pierre et Michel\u00a0Manaud\u00a0\u00a0( g\u00eete de la Lande Saint-Jean).<\/p>\n<p>Domiciliation: 10 Chemin de Terrefort 33450 SAINT LOUBES -France<\/p>\n<p>t\u00e9l: 05 56 38 00 06 &#8211; 06 23 02 20 72<\/p>\n<p>Email: m.manaud@free.fr<\/p>\n<p>SIRET: 38407942200026<\/p>\n<p>Propri\u00e9taire: Michel MANAUD<\/p>\n<p>H\u00e9bergement: OVH<\/p>\n<p>Confidentialit\u00e9:<\/p>\n<p>Les informations recueillies\u00a0 dans le formulaire sont strictement confidentielles et ne doivent en aucun cas \u00eatre divulgu\u00e9es \u00e0 des tiers.<\/p>\n<p>Propri\u00e9t\u00e9:<\/p>\n<p>la structure g\u00e9n\u00e9rale ainsi que les textes graphiques et images composant ce site sont la propri\u00e9t\u00e9 de Marie-Pierre et Michel Manaud. Toute repr\u00e9sentation , reproduction ou exploitation partielle ou totale de ce site par quelques proc\u00e9d\u00e9s que ce soit sans autorisation expresse et pr\u00e9alable de Marie-Pierre et Michel Manaud est\u00a0 interdite et constituerait une contrefa\u00e7on au sens d l&rsquo;article L335-2 et suivant du code de la propri\u00e9t\u00e9 intellectuelle. Les informations pr\u00e9sentes sur ce site internet sont \u00e0 vocation strictement informatives et ne constituent aucun engagement juridique ni accord contractuel de la part de Marie-Pierre et Michel Manaud.<\/p>\n<p>Ce site internet a \u00e9t\u00e9 r\u00e9alis\u00e9 par Marie-Pierre Manaud domicili\u00e9e 10 chemin de Terrefort 33450 SAINT LOUBES &#8211; France<\/p>\n<p>Domiciliation: WordPress \/catch responsive<\/p>\n<p>Site : http:\/\/gitedelalandesaintjean.fr<\/p>\n","protected":false},"excerpt":{"rendered":"<p>Vous \u00eates connect\u00e9s sur le site internet de Marie-Pierre et Michel\u00a0Manaud\u00a0\u00a0( g\u00eete de la Lande Saint-Jean). Domiciliation: 10 Chemin de Terrefort 33450 SAINT LOUBES -France t\u00e9l: 05 56 38 00 06 &#8211; 06 23 02 20 72 Email: m.manaud@free.fr SIRET: 38407942200026 Propri\u00e9taire: Michel MANAUD H\u00e9bergement: OVH Confidentialit\u00e9: Les informations recueillies\u00a0 dans le formulaire sont strictement <a class=\"more-link\" href=\"https:\/\/gitedelalandesaintjean.fr\/index.php\/mentions-legales\/\">Lire plus &#8230;<\/a><\/p>\n","protected":false},"author":1,"featured_media":0,"parent":0,"menu_order":0,"comment_status":"closed","ping_status":"closed","template":"","meta":[],"_links":{"self":[{"href":"https:\/\/gitedelalandesaintjean.fr\/index.php\/wp-json\/wp\/v2\/pages\/295"}],"collection":[{"href":"https:\/\/gitedelalandesaintjean.fr\/index.php\/wp-json\/wp\/v2\/pages"}],"about":[{"href":"https:\/\/gitedelalandesaintjean.fr\/index.php\/wp-json\/wp\/v2\/types\/page"}],"author":[{"embeddable":true,"href":"https:\/\/gitedelalandesaintjean.fr\/index.php\/wp-json\/wp\/v2\/users\/1"}],"replies":[{"embeddable":true,"href":"https:\/\/gitedelalandesaintjean.fr\/index.php\/wp-json\/wp\/v2\/comments?post=295"}],"version-history":[{"count":1,"href":"https:\/\/gitedelalandesaintjean.fr\/index.php\/wp-json\/wp\/v2\/pages\/295\/revisions"}],"predecessor-version":[{"id":296,"href":"https:\/\/gitedelalandesaintjean.fr\/index.php\/wp-json\/wp\/v2\/pages\/295\/revisions\/296"}],"wp:attachment":[{"href":"https:\/\/gitedelalandesaintjean.fr\/index.php\/wp-json\/wp\/v2\/media?parent=295"}],"curies":[{"name":"wp","href":"https:\/\/api.w.org\/{rel}","templated":true}]}}