{"id":128,"date":"2016-08-08T17:37:36","date_gmt":"2016-08-08T16:37:36","guid":{"rendered":"http:\/\/gitedelalandesaintjean.fr\/?page_id=128"},"modified":"2022-01-27T16:26:15","modified_gmt":"2022-01-27T15:26:15","slug":"depaysement-assure","status":"publish","type":"page","link":"https:\/\/gitedelalandesaintjean.fr\/index.php\/depaysement-assure\/","title":{"rendered":"D\u00e9paysement assur\u00e9!!!"},"content":{"rendered":"<p><img loading=\"lazy\" class=\"alignnone size-medium wp-image-119 aligncenter\" src=\"http:\/\/gitedelalandesaintjean.fr\/wp-content\/uploads\/2016\/08\/site-paquebot-miroir-deau-B-300x214.jpg\" alt=\"site paquebot miroir d'eau B\" width=\"300\" height=\"214\" srcset=\"https:\/\/gitedelalandesaintjean.fr\/wp-content\/uploads\/2016\/08\/site-paquebot-miroir-deau-B-300x214.jpg 300w, https:\/\/gitedelalandesaintjean.fr\/wp-content\/uploads\/2016\/08\/site-paquebot-miroir-deau-B.jpg 350w\" sizes=\"(max-width: 300px) 100vw, 300px\" \/><\/p>\n<p><span style=\"color: #008000;\">Le gite est id\u00e9alement situ\u00e9 \u00e0 la campagne au c\u0153ur des sites touristiques, cultuels, sportifs, \u0153nologiques, gastronomiques ou naturels de la Gironde.<\/span><\/p>\n<p><span style=\"color: #008000;\">Sur place vous pourrez faire des balades dans les vignes cultiv\u00e9es en BIO, Michel passionn\u00e9 vous parlera de ses abeilles et de son jardin potager, je vous conseillerai au mieux pour vous faire d\u00e9couvrir notre belle r\u00e9gion et ses tr\u00e9sors gastronomiques.<\/span><\/p>\n","protected":false},"excerpt":{"rendered":"<p>Le gite est id\u00e9alement situ\u00e9 \u00e0 la campagne au c\u0153ur des sites touristiques, cultuels, sportifs, \u0153nologiques, gastronomiques ou naturels de la Gironde. Sur place vous pourrez faire des balades dans les vignes cultiv\u00e9es en BIO, Michel passionn\u00e9 vous parlera de ses abeilles et de son jardin potager, je vous conseillerai au mieux pour vous faire <a class=\"more-link\" href=\"https:\/\/gitedelalandesaintjean.fr\/index.php\/depaysement-assure\/\">Lire plus &#8230;<\/a><\/p>\n","protected":false},"author":1,"featured_media":0,"parent":0,"menu_order":0,"comment_status":"closed","ping_status":"closed","template":"","meta":[],"_links":{"self":[{"href":"https:\/\/gitedelalandesaintjean.fr\/index.php\/wp-json\/wp\/v2\/pages\/128"}],"collection":[{"href":"https:\/\/gitedelalandesaintjean.fr\/index.php\/wp-json\/wp\/v2\/pages"}],"about":[{"href":"https:\/\/gitedelalandesaintjean.fr\/index.php\/wp-json\/wp\/v2\/types\/page"}],"author":[{"embeddable":true,"href":"https:\/\/gitedelalandesaintjean.fr\/index.php\/wp-json\/wp\/v2\/users\/1"}],"replies":[{"embeddable":true,"href":"https:\/\/gitedelalandesaintjean.fr\/index.php\/wp-json\/wp\/v2\/comments?post=128"}],"version-history":[{"count":3,"href":"https:\/\/gitedelalandesaintjean.fr\/index.php\/wp-json\/wp\/v2\/pages\/128\/revisions"}],"predecessor-version":[{"id":325,"href":"https:\/\/gitedelalandesaintjean.fr\/index.php\/wp-json\/wp\/v2\/pages\/128\/revisions\/325"}],"wp:attachment":[{"href":"https:\/\/gitedelalandesaintjean.fr\/index.php\/wp-json\/wp\/v2\/media?parent=128"}],"curies":[{"name":"wp","href":"https:\/\/api.w.org\/{rel}","templated":true}]}}