{"id":100,"date":"2016-08-08T14:08:42","date_gmt":"2016-08-08T13:08:42","guid":{"rendered":"http:\/\/gitedelalandesaintjean.fr\/?page_id=100"},"modified":"2026-03-13T11:21:43","modified_gmt":"2026-03-13T10:21:43","slug":"tarifs","status":"publish","type":"page","link":"https:\/\/gitedelalandesaintjean.fr\/index.php\/tarifs\/","title":{"rendered":"Tarifs"},"content":{"rendered":"<p><span style=\"color: #008000;\">TARIFS<\/span><span style=\"color: #008000;\"> 2026<\/span><\/p>\n<p>Les locations se font du samedi \u00e0 partir de 16 heures au samedi 10 heure au plus tard sur le site des<\/p>\n<p><em><strong>G\u00eetes de France Gironde. Voir les conditions de vente<\/strong><\/em><\/p>\n<p><span style=\"color: #008000;\">4 PERIODES<\/span>:<\/p>\n<p><span style=\"color: #008000;\">HORS SAISON 540\u20ac<\/span> \/semaine:\u00a0<\/p>\n<p><span style=\"color: #008000;\">MOYENNE SAISON 580<\/span>\u00a0<span style=\"color: #008000;\">\u20ac<\/span>\/semaine, vacances, avril,\u00a0 toutes zones, juin\u00a0 et septembre.<\/p>\n<p><span style=\"color: #008000;\">HAUTE SAISON 680<\/span>\u20ac\/semaine<\/p>\n<p><span style=\"color: #008000;\">TRES HAUTE SAISON 700 \u20ac<\/span>\/semaine<\/p>\n<p>\u00a0<\/p>\n<p>la r\u00e9servation peut se faite\u00a0 sur le site de gites de France Gironde suivant les conditions de G\u00eete de France Gironde<\/p>\n<p>Un d\u00e9p\u00f4t de garantie de 350 \u20ac vous sera \u00e9galement demand\u00e9 \u00e0 l&rsquo;arriv\u00e9e et rendu au d\u00e9part si aucun d\u00e9g\u00e2t n&rsquo;est constat\u00e9 apr\u00e8s \u00e9tat des lieux. ainsi qu&rsquo;une caution de 80 \u20ac pour le m\u00e9nage qui vous sera rendu si celui-ci est fait \u00e0 votre d\u00e9part.<\/p>\n<p>Options:<\/p>\n<p>Possibilit\u00e9 de location de draps: 10\u20ac\/paire\/semaine, serviettes de toilettes: 10\u20ac\/personnes\/semaine, linge de cuisine: 8\u20ac\/semaine, bois pour la chemin\u00e9e: 80\u20ac\/st\u00e8re, forfait m\u00e9nage: 80\u20ac.<\/p>\n<p>Les prix s&rsquo;entendent sans le gaz. le relev\u00e9 du compteur est fait \u00e0 votre arriv\u00e9e et \u00e0 votre d\u00e9part , vous r\u00e9glez la consommation.<\/p>\n<p>56kwh d&rsquo;\u00e9lectricit\u00e9\/semaine sont compris dans votre contrat\u00a0, la consommation au del\u00e0 sera \u00e9galement \u00e0 payer \u00e0 votre d\u00e9part.<\/p>\n<p>Nous sommes soumis \u00e0 la taxe de s\u00e9jour&#8230;1.18\u20ac\/nuit\u00e9e\/adulte.<\/p>\n<p>Le contrat vous sera envoy\u00e9 par G\u00eetes de France Gironde, une assurance annulation vous sera propos\u00e9e.<\/p>\n\n\n<p><\/p>\n","protected":false},"excerpt":{"rendered":"<p>TARIFS 2026 Les locations se font du samedi \u00e0 partir de 16 heures au samedi 10 heure au plus tard sur le site des G\u00eetes de France Gironde. Voir les conditions de vente 4 PERIODES: HORS SAISON 540\u20ac \/semaine:\u00a0 MOYENNE SAISON 580\u00a0\u20ac\/semaine, vacances, avril,\u00a0 toutes zones, juin\u00a0 et septembre. HAUTE SAISON 680\u20ac\/semaine TRES HAUTE SAISON <a class=\"more-link\" href=\"https:\/\/gitedelalandesaintjean.fr\/index.php\/tarifs\/\">Lire plus &#8230;<\/a><\/p>\n","protected":false},"author":1,"featured_media":0,"parent":0,"menu_order":0,"comment_status":"closed","ping_status":"closed","template":"","meta":[],"_links":{"self":[{"href":"https:\/\/gitedelalandesaintjean.fr\/index.php\/wp-json\/wp\/v2\/pages\/100"}],"collection":[{"href":"https:\/\/gitedelalandesaintjean.fr\/index.php\/wp-json\/wp\/v2\/pages"}],"about":[{"href":"https:\/\/gitedelalandesaintjean.fr\/index.php\/wp-json\/wp\/v2\/types\/page"}],"author":[{"embeddable":true,"href":"https:\/\/gitedelalandesaintjean.fr\/index.php\/wp-json\/wp\/v2\/users\/1"}],"replies":[{"embeddable":true,"href":"https:\/\/gitedelalandesaintjean.fr\/index.php\/wp-json\/wp\/v2\/comments?post=100"}],"version-history":[{"count":27,"href":"https:\/\/gitedelalandesaintjean.fr\/index.php\/wp-json\/wp\/v2\/pages\/100\/revisions"}],"predecessor-version":[{"id":509,"href":"https:\/\/gitedelalandesaintjean.fr\/index.php\/wp-json\/wp\/v2\/pages\/100\/revisions\/509"}],"wp:attachment":[{"href":"https:\/\/gitedelalandesaintjean.fr\/index.php\/wp-json\/wp\/v2\/media?parent=100"}],"curies":[{"name":"wp","href":"https:\/\/api.w.org\/{rel}","templated":true}]}}